{"id":4380,"date":"2024-07-10T14:51:21","date_gmt":"2024-07-10T14:51:21","guid":{"rendered":"https:\/\/www.chirurgiedelahanche.com\/?page_id=4380"},"modified":"2024-12-02T14:29:21","modified_gmt":"2024-12-02T14:29:21","slug":"contact-us","status":"publish","type":"page","link":"https:\/\/www.chirurgiedelahanche.com\/en\/contact-us\/","title":{"rendered":"Contact us"},"content":{"rendered":"","protected":false},"excerpt":{"rendered":"","protected":false},"author":28,"featured_media":0,"parent":0,"menu_order":0,"comment_status":"closed","ping_status":"closed","template":"page-templates\/contact-page.php","meta":{"footnotes":""},"class_list":["post-4380","page","type-page","status-publish","hentry"],"acf":[],"yoast_head":"<!-- This site is optimized with the Yoast SEO plugin v27.3 - https:\/\/yoast.com\/product\/yoast-seo-wordpress\/ -->\n<title>Contact us - Inside The Hip<\/title>\n<meta name=\"description\" content=\"Contact the hip surgery specialists at Inside The Hip clinis. Get in touch for consultations, questions about treatments, and detailed information on hip surgery options. Located in France, serving international patients\" \/>\n<meta name=\"robots\" content=\"index, follow, max-snippet:-1, max-image-preview:large, max-video-preview:-1\" \/>\n<link rel=\"canonical\" href=\"https:\/\/www.chirurgiedelahanche.com\/en\/contact-us\/\" \/>\n<meta property=\"og:locale\" content=\"en_US\" \/>\n<meta property=\"og:type\" content=\"article\" \/>\n<meta property=\"og:title\" content=\"Contact us - Inside The Hip\" \/>\n<meta property=\"og:description\" content=\"Contact the hip surgery specialists at Inside The Hip clinis. Get in touch for consultations, questions about treatments, and detailed information on hip surgery options. Located in France, serving international patients\" \/>\n<meta property=\"og:url\" content=\"https:\/\/www.chirurgiedelahanche.com\/en\/contact-us\/\" \/>\n<meta property=\"og:site_name\" content=\"Inside The Hip\" \/>\n<meta property=\"article:modified_time\" content=\"2024-12-02T14:29:21+00:00\" \/>\n<meta name=\"twitter:card\" content=\"summary_large_image\" \/>\n<script type=\"application\/ld+json\" class=\"yoast-schema-graph\">{\"@context\":\"https:\\\/\\\/schema.org\",\"@graph\":[{\"@type\":\"WebPage\",\"@id\":\"https:\\\/\\\/www.chirurgiedelahanche.com\\\/en\\\/contact-us\\\/\",\"url\":\"https:\\\/\\\/www.chirurgiedelahanche.com\\\/en\\\/contact-us\\\/\",\"name\":\"Contact us - Inside The Hip\",\"isPartOf\":{\"@id\":\"https:\\\/\\\/www.chirurgiedelahanche.com\\\/#website\"},\"datePublished\":\"2024-07-10T14:51:21+00:00\",\"dateModified\":\"2024-12-02T14:29:21+00:00\",\"description\":\"Contact the hip surgery specialists at Inside The Hip clinis. Get in touch for consultations, questions about treatments, and detailed information on hip surgery options. Located in France, serving international patients\",\"breadcrumb\":{\"@id\":\"https:\\\/\\\/www.chirurgiedelahanche.com\\\/en\\\/contact-us\\\/#breadcrumb\"},\"inLanguage\":\"en-US\",\"potentialAction\":[{\"@type\":\"ReadAction\",\"target\":[\"https:\\\/\\\/www.chirurgiedelahanche.com\\\/en\\\/contact-us\\\/\"]}]},{\"@type\":\"BreadcrumbList\",\"@id\":\"https:\\\/\\\/www.chirurgiedelahanche.com\\\/en\\\/contact-us\\\/#breadcrumb\",\"itemListElement\":[{\"@type\":\"ListItem\",\"position\":1,\"name\":\"Accueil\",\"item\":\"https:\\\/\\\/www.chirurgiedelahanche.com\\\/en\\\/\"},{\"@type\":\"ListItem\",\"position\":2,\"name\":\"Contact us\"}]},{\"@type\":\"WebSite\",\"@id\":\"https:\\\/\\\/www.chirurgiedelahanche.com\\\/#website\",\"url\":\"https:\\\/\\\/www.chirurgiedelahanche.com\\\/\",\"name\":\"Inside The Hip\",\"description\":\"\",\"potentialAction\":[{\"@type\":\"SearchAction\",\"target\":{\"@type\":\"EntryPoint\",\"urlTemplate\":\"https:\\\/\\\/www.chirurgiedelahanche.com\\\/?s={search_term_string}\"},\"query-input\":{\"@type\":\"PropertyValueSpecification\",\"valueRequired\":true,\"valueName\":\"search_term_string\"}}],\"inLanguage\":\"en-US\"}]}<\/script>\n<!-- \/ Yoast SEO plugin. -->","yoast_head_json":{"title":"Contact us - Inside The Hip","description":"Contact the hip surgery specialists at Inside The Hip clinis. Get in touch for consultations, questions about treatments, and detailed information on hip surgery options. Located in France, serving international patients","robots":{"index":"index","follow":"follow","max-snippet":"max-snippet:-1","max-image-preview":"max-image-preview:large","max-video-preview":"max-video-preview:-1"},"canonical":"https:\/\/www.chirurgiedelahanche.com\/en\/contact-us\/","og_locale":"en_US","og_type":"article","og_title":"Contact us - Inside The Hip","og_description":"Contact the hip surgery specialists at Inside The Hip clinis. Get in touch for consultations, questions about treatments, and detailed information on hip surgery options. Located in France, serving international patients","og_url":"https:\/\/www.chirurgiedelahanche.com\/en\/contact-us\/","og_site_name":"Inside The Hip","article_modified_time":"2024-12-02T14:29:21+00:00","twitter_card":"summary_large_image","schema":{"@context":"https:\/\/schema.org","@graph":[{"@type":"WebPage","@id":"https:\/\/www.chirurgiedelahanche.com\/en\/contact-us\/","url":"https:\/\/www.chirurgiedelahanche.com\/en\/contact-us\/","name":"Contact us - Inside The Hip","isPartOf":{"@id":"https:\/\/www.chirurgiedelahanche.com\/#website"},"datePublished":"2024-07-10T14:51:21+00:00","dateModified":"2024-12-02T14:29:21+00:00","description":"Contact the hip surgery specialists at Inside The Hip clinis. Get in touch for consultations, questions about treatments, and detailed information on hip surgery options. Located in France, serving international patients","breadcrumb":{"@id":"https:\/\/www.chirurgiedelahanche.com\/en\/contact-us\/#breadcrumb"},"inLanguage":"en-US","potentialAction":[{"@type":"ReadAction","target":["https:\/\/www.chirurgiedelahanche.com\/en\/contact-us\/"]}]},{"@type":"BreadcrumbList","@id":"https:\/\/www.chirurgiedelahanche.com\/en\/contact-us\/#breadcrumb","itemListElement":[{"@type":"ListItem","position":1,"name":"Accueil","item":"https:\/\/www.chirurgiedelahanche.com\/en\/"},{"@type":"ListItem","position":2,"name":"Contact us"}]},{"@type":"WebSite","@id":"https:\/\/www.chirurgiedelahanche.com\/#website","url":"https:\/\/www.chirurgiedelahanche.com\/","name":"Inside The Hip","description":"","potentialAction":[{"@type":"SearchAction","target":{"@type":"EntryPoint","urlTemplate":"https:\/\/www.chirurgiedelahanche.com\/?s={search_term_string}"},"query-input":{"@type":"PropertyValueSpecification","valueRequired":true,"valueName":"search_term_string"}}],"inLanguage":"en-US"}]}},"ACF":{"title":"<p>Contact us<\/p>\n","description":"<div class=\"contactForm\">\n<div class=\"contactForm__description\">Would you like to contact one of our hyperspecialist surgeons? Don&#8217;t hesitate to use the contact form.<\/div>\n<\/div>\n","form":[{"ID":4381,"post_author":"28","post_date":"2024-07-11 12:15:31","post_date_gmt":"2024-07-11 12:15:31","post_content":"<div class=\"contactForm\">\r\n    <div class=\"form fade-in\">\r\n       <div class=\"form__input custom-select\">\r\n            <label>The practitioners *<\/label>\r\n            [select* destinataire class:select-contact \"S\u00e9lectionnez un praticien\" \"Dr Alexis Nogier | secretaire.nogier@orange.fr\" \"Dr Idriss Tourabaly | secretaire.tourabaly@gmail.com\" \"Dr Cyril Courtin | secretaire.courtin@gmail.com\"]\r\n        <\/div>\r\n        <div class=\"form__twoColumns\">\r\n            <div class=\"form__input fade-in--active-1\">\r\n                <material-input label=\"Name *\" type=\"text\" name=\"nom\" required><\/material-input>\r\n                [text* nom akismet:author]\r\n            <\/div>\r\n            <div class=\"form__input fade-in--active-2\">\r\n                <material-input label=\"First Name *\" type=\"text\" name=\"prenom\" required><\/material-input>\r\n                [text* prenom akismet:author]\r\n            <\/div>\r\n        <\/div>\r\n        <div class=\"form__twoColumns\">\r\n            <div class=\"form__input fade-in--active-3\">\r\n                <material-input label=\"Phone\" type=\"text\" name=\"telephone\"><\/material-input>\r\n                [tel telephone]\r\n            <\/div>\r\n            <div class=\"form__input fade-in--active-4\">\r\n                <material-input label=\"Mail *\" type=\"email\" name=\"email\" required><\/material-input>\r\n                [email* email akismet:author_email]\r\n            <\/div>\r\n        <\/div>\r\n        <div class=\"form__input fade-in--active-5\">\r\n            <material-input label=\"Mail subject *\" type=\"text\" name=\"sujet\" required><\/material-input>\r\n            [text* sujet]\r\n        <\/div>\r\n        <div class=\"form__input fade-in--active-6\">\r\n            <material-input label=\"Your message or question *\" type=\"textarea\" name=\"message\" required><\/material-input>\r\n            [textarea* message]\r\n        <\/div>\r\n        <div class=\"contactForm__footer\">\r\n            <div class=\"contactForm__footer__files fade-in--active-8\">\r\n                <p class=\"contactForm__footer__label\">Ajouter des photos :<\/p>\r\n                <div class=\"form__files\">\r\n                    [multilinefile files filetypes:png|jpg|jpeg|pdf \"Choose a file\"]\r\n                <\/div>\r\n            <\/div>\r\n            <div class=\"contactForm__footer__acceptance fade-in--active-9\">\r\n                [acceptance rgpd] I agree that the site may use this information to respond to my request * [\/acceptance]\r\n            <\/div>\r\n        <\/div>\r\n        <div class=\"contactForm__submit form__submit fade-in--active-10\">\r\n            [submit \"Send\"]\r\n        <\/div>\r\n    <\/div>\r\n<\/div>\n1\nInside the Hip EN \"[sujet]\"\n[_site_title] EN <wordpress@chirurgiedelahanche.com>\n[destinataire]\nDe\u00a0: [nom]\u00a0[prenom]\r\nEmail : [email]\r\nT\u00e9l\u00e9phone : [telephone]\r\nObjet\u00a0: [sujet]\r\n\r\nCorps du message\u00a0:\r\n[message]\r\n\r\n-- \r\nCet e-mail a \u00e9t\u00e9 envoy\u00e9 via le formulaire de contact de Inside The Hip.\nReply-To: [email]\nBcc: yacine@antipodesmultimedia.com\n[files]\n\n\n\n[_site_title] \"[your-subject]\"\n[_site_title] <wordpress@chirurgiedelahanche.com>\n[your-email]\nCorps du message\u00a0:\r\n[your-message]\r\n\r\n-- \r\nThis email is a receipt for your contact form submission on our website ([_site_title] [_site_url]) in which your email address was used. If that was not you, please ignore this message.\nReply-To: [_site_admin_email]\n\n\n\nThank you for your message. He was sent.\nAn error occurred while sending your message. Please try again later.\nUn ou plusieurs champs contiennent une erreur. Veuillez v\u00e9rifier et essayer \u00e0 nouveau.\nOne or more fields contain an error. Please check and try again.\nYou must agree to the terms and conditions before sending your message.\nPlease fill out this field.\nThis field has a too long input.\nThis field has a too short input.\nThere was an error uploading the file to the server.\nYou are not allowed to upload files of this type.\nUploaded file is too big.\nThere was an error uploading the file.\nThere was an error in zippng the files.\nYou need to upload atleast __min_file_limit__ files.\nYou can not upload more than __max_file_limit__ files per request.\nPlease enter a date in YYYY-MM-DD format.\nThis field has a too early date.\nThis field has a too late date.\nPlease enter a number.\nThis field has a too small number.\nThis field has a too large number.\nLa r\u00e9ponse \u00e0 la question est incorrecte.\nPlease enter an email address.\nPlease enter a URL.\nPlease enter a telephone number.","post_title":"Contact us","post_excerpt":"","post_status":"publish","comment_status":"closed","ping_status":"closed","post_password":"","post_name":"contact_copy","to_ping":"","pinged":"","post_modified":"2024-12-02 15:03:57","post_modified_gmt":"2024-12-02 15:03:57","post_content_filtered":"","post_parent":0,"guid":"https:\/\/www.chirurgiedelahanche.com\/?post_type=wpcf7_contact_form&#038;p=4381","menu_order":0,"post_type":"wpcf7_contact_form","post_mime_type":"","comment_count":"0","filter":"raw"}]},"_links":{"self":[{"href":"https:\/\/www.chirurgiedelahanche.com\/en\/wp-json\/wp\/v2\/pages\/4380","targetHints":{"allow":["GET"]}}],"collection":[{"href":"https:\/\/www.chirurgiedelahanche.com\/en\/wp-json\/wp\/v2\/pages"}],"about":[{"href":"https:\/\/www.chirurgiedelahanche.com\/en\/wp-json\/wp\/v2\/types\/page"}],"author":[{"embeddable":true,"href":"https:\/\/www.chirurgiedelahanche.com\/en\/wp-json\/wp\/v2\/users\/28"}],"replies":[{"embeddable":true,"href":"https:\/\/www.chirurgiedelahanche.com\/en\/wp-json\/wp\/v2\/comments?post=4380"}],"version-history":[{"count":0,"href":"https:\/\/www.chirurgiedelahanche.com\/en\/wp-json\/wp\/v2\/pages\/4380\/revisions"}],"wp:attachment":[{"href":"https:\/\/www.chirurgiedelahanche.com\/en\/wp-json\/wp\/v2\/media?parent=4380"}],"curies":[{"name":"wp","href":"https:\/\/api.w.org\/{rel}","templated":true}]}}