{"id":3580,"date":"2023-08-17T15:59:40","date_gmt":"2023-08-17T15:59:40","guid":{"rendered":"https:\/\/www.chirurgiedelahanche.com\/cabinets-cliniques\/"},"modified":"2025-10-23T11:30:54","modified_gmt":"2025-10-23T11:30:54","slug":"practice-clinics","status":"publish","type":"page","link":"https:\/\/www.chirurgiedelahanche.com\/en\/inside-the-hip\/practice-clinics\/","title":{"rendered":"OFFICE AND  CLINICS"},"content":{"rendered":"","protected":false},"excerpt":{"rendered":"","protected":false},"author":25,"featured_media":0,"parent":3193,"menu_order":25,"comment_status":"closed","ping_status":"closed","template":"page-templates\/internal-page.php","meta":{"footnotes":""},"class_list":["post-3580","page","type-page","status-publish","hentry"],"acf":[],"yoast_head":"<!-- This site is optimized with the Yoast SEO plugin v27.3 - https:\/\/yoast.com\/product\/yoast-seo-wordpress\/ -->\n<title>Inside the Hip: Clinics specialized in hip replacement | Paris &amp; Lyon<\/title>\n<meta name=\"description\" content=\"Inside The Hip surgeons welcome you to their clinics: Clinique Nollet (Paris 17th), Clinique Maussins (Paris 19th), and Clinique Trenel (Sainte Colombe, south of Lyon). Led by Dr. Nogier, Dr. Tourabaly, and Dr. Courtin. France\" \/>\n<meta name=\"robots\" content=\"index, follow, max-snippet:-1, max-image-preview:large, max-video-preview:-1\" \/>\n<link rel=\"canonical\" href=\"https:\/\/www.chirurgiedelahanche.com\/en\/inside-the-hip\/practice-clinics\/\" \/>\n<meta property=\"og:locale\" content=\"en_US\" \/>\n<meta property=\"og:type\" content=\"article\" \/>\n<meta property=\"og:title\" content=\"Inside the Hip: Clinics specialized in hip replacement | Paris &amp; Lyon\" \/>\n<meta property=\"og:description\" content=\"Inside The Hip surgeons welcome you to their clinics: Clinique Nollet (Paris 17th), Clinique Maussins (Paris 19th), and Clinique Trenel (Sainte Colombe, south of Lyon). Led by Dr. Nogier, Dr. Tourabaly, and Dr. Courtin. France\" \/>\n<meta property=\"og:url\" content=\"https:\/\/www.chirurgiedelahanche.com\/en\/inside-the-hip\/practice-clinics\/\" \/>\n<meta property=\"og:site_name\" content=\"Inside The Hip\" \/>\n<meta property=\"article:modified_time\" content=\"2025-10-23T11:30:54+00:00\" \/>\n<meta name=\"twitter:card\" content=\"summary_large_image\" \/>\n<script type=\"application\/ld+json\" class=\"yoast-schema-graph\">{\"@context\":\"https:\\\/\\\/schema.org\",\"@graph\":[{\"@type\":\"WebPage\",\"@id\":\"https:\\\/\\\/www.chirurgiedelahanche.com\\\/en\\\/inside-the-hip\\\/practice-clinics\\\/\",\"url\":\"https:\\\/\\\/www.chirurgiedelahanche.com\\\/en\\\/inside-the-hip\\\/practice-clinics\\\/\",\"name\":\"Inside the Hip: Clinics specialized in hip replacement | Paris & Lyon\",\"isPartOf\":{\"@id\":\"https:\\\/\\\/www.chirurgiedelahanche.com\\\/#website\"},\"datePublished\":\"2023-08-17T15:59:40+00:00\",\"dateModified\":\"2025-10-23T11:30:54+00:00\",\"description\":\"Inside The Hip surgeons welcome you to their clinics: Clinique Nollet (Paris 17th), Clinique Maussins (Paris 19th), and Clinique Trenel (Sainte Colombe, south of Lyon). Led by Dr. Nogier, Dr. Tourabaly, and Dr. Courtin. France\",\"breadcrumb\":{\"@id\":\"https:\\\/\\\/www.chirurgiedelahanche.com\\\/en\\\/inside-the-hip\\\/practice-clinics\\\/#breadcrumb\"},\"inLanguage\":\"en-US\",\"potentialAction\":[{\"@type\":\"ReadAction\",\"target\":[\"https:\\\/\\\/www.chirurgiedelahanche.com\\\/en\\\/inside-the-hip\\\/practice-clinics\\\/\"]}]},{\"@type\":\"BreadcrumbList\",\"@id\":\"https:\\\/\\\/www.chirurgiedelahanche.com\\\/en\\\/inside-the-hip\\\/practice-clinics\\\/#breadcrumb\",\"itemListElement\":[{\"@type\":\"ListItem\",\"position\":1,\"name\":\"Accueil\",\"item\":\"https:\\\/\\\/www.chirurgiedelahanche.com\\\/en\\\/\"},{\"@type\":\"ListItem\",\"position\":2,\"name\":\"Inside the hip\",\"item\":\"https:\\\/\\\/www.chirurgiedelahanche.com\\\/en\\\/inside-the-hip\\\/\"},{\"@type\":\"ListItem\",\"position\":3,\"name\":\"OFFICE AND CLINICS\"}]},{\"@type\":\"WebSite\",\"@id\":\"https:\\\/\\\/www.chirurgiedelahanche.com\\\/#website\",\"url\":\"https:\\\/\\\/www.chirurgiedelahanche.com\\\/\",\"name\":\"Inside The Hip\",\"description\":\"\",\"potentialAction\":[{\"@type\":\"SearchAction\",\"target\":{\"@type\":\"EntryPoint\",\"urlTemplate\":\"https:\\\/\\\/www.chirurgiedelahanche.com\\\/?s={search_term_string}\"},\"query-input\":{\"@type\":\"PropertyValueSpecification\",\"valueRequired\":true,\"valueName\":\"search_term_string\"}}],\"inLanguage\":\"en-US\"}]}<\/script>\n<!-- \/ Yoast SEO plugin. -->","yoast_head_json":{"title":"Inside the Hip: Clinics specialized in hip replacement | Paris & Lyon","description":"Inside The Hip surgeons welcome you to their clinics: Clinique Nollet (Paris 17th), Clinique Maussins (Paris 19th), and Clinique Trenel (Sainte Colombe, south of Lyon). Led by Dr. Nogier, Dr. Tourabaly, and Dr. Courtin. France","robots":{"index":"index","follow":"follow","max-snippet":"max-snippet:-1","max-image-preview":"max-image-preview:large","max-video-preview":"max-video-preview:-1"},"canonical":"https:\/\/www.chirurgiedelahanche.com\/en\/inside-the-hip\/practice-clinics\/","og_locale":"en_US","og_type":"article","og_title":"Inside the Hip: Clinics specialized in hip replacement | Paris & Lyon","og_description":"Inside The Hip surgeons welcome you to their clinics: Clinique Nollet (Paris 17th), Clinique Maussins (Paris 19th), and Clinique Trenel (Sainte Colombe, south of Lyon). Led by Dr. Nogier, Dr. Tourabaly, and Dr. Courtin. France","og_url":"https:\/\/www.chirurgiedelahanche.com\/en\/inside-the-hip\/practice-clinics\/","og_site_name":"Inside The Hip","article_modified_time":"2025-10-23T11:30:54+00:00","twitter_card":"summary_large_image","schema":{"@context":"https:\/\/schema.org","@graph":[{"@type":"WebPage","@id":"https:\/\/www.chirurgiedelahanche.com\/en\/inside-the-hip\/practice-clinics\/","url":"https:\/\/www.chirurgiedelahanche.com\/en\/inside-the-hip\/practice-clinics\/","name":"Inside the Hip: Clinics specialized in hip replacement | Paris & Lyon","isPartOf":{"@id":"https:\/\/www.chirurgiedelahanche.com\/#website"},"datePublished":"2023-08-17T15:59:40+00:00","dateModified":"2025-10-23T11:30:54+00:00","description":"Inside The Hip surgeons welcome you to their clinics: Clinique Nollet (Paris 17th), Clinique Maussins (Paris 19th), and Clinique Trenel (Sainte Colombe, south of Lyon). Led by Dr. Nogier, Dr. Tourabaly, and Dr. Courtin. France","breadcrumb":{"@id":"https:\/\/www.chirurgiedelahanche.com\/en\/inside-the-hip\/practice-clinics\/#breadcrumb"},"inLanguage":"en-US","potentialAction":[{"@type":"ReadAction","target":["https:\/\/www.chirurgiedelahanche.com\/en\/inside-the-hip\/practice-clinics\/"]}]},{"@type":"BreadcrumbList","@id":"https:\/\/www.chirurgiedelahanche.com\/en\/inside-the-hip\/practice-clinics\/#breadcrumb","itemListElement":[{"@type":"ListItem","position":1,"name":"Accueil","item":"https:\/\/www.chirurgiedelahanche.com\/en\/"},{"@type":"ListItem","position":2,"name":"Inside the hip","item":"https:\/\/www.chirurgiedelahanche.com\/en\/inside-the-hip\/"},{"@type":"ListItem","position":3,"name":"OFFICE AND CLINICS"}]},{"@type":"WebSite","@id":"https:\/\/www.chirurgiedelahanche.com\/#website","url":"https:\/\/www.chirurgiedelahanche.com\/","name":"Inside The Hip","description":"","potentialAction":[{"@type":"SearchAction","target":{"@type":"EntryPoint","urlTemplate":"https:\/\/www.chirurgiedelahanche.com\/?s={search_term_string}"},"query-input":{"@type":"PropertyValueSpecification","valueRequired":true,"valueName":"search_term_string"}}],"inLanguage":"en-US"}]}},"ACF":{"internal_page_header":{"display_appointment_button":true,"display_media":true,"text_accordion":null,"title":"<h1><strong>OFFICE <\/strong>AND CLINICS<\/h1>\n","description":"<p>The surgeons of the Inside the Hip team offer specialized consultations at several locations:<\/p>\n<p>Nollet Clinic in Paris 17th arrondissement (Drs. Nogier and Tourabaly)<br \/>\nMaussins Clinic in Paris 19th arrondissement (Dr. Tourabaly)<br \/>\nTr\u00e9nel Clinic in Sainte Colombe, south of Lyon (Drs. Nogier and Courtin)<\/p>\n","form":[{"ID":8,"post_author":"25","post_date":"2020-09-15 14:37:31","post_date_gmt":"2020-09-15 14:37:31","post_content":"<div class=\"collegialConsultationForm\">\r\n    <div class=\"collegialConsultationForm__header\">\r\n        <p>Besoin d\u2019un renseignement sur la consultation coll\u00e9giale ?\r\n            <a href=\"#\">Contactez-nous<\/a>\r\n            <\/a><\/p>\r\n    <\/div>\r\n    <div class=\"form fade-in\">\r\n        <div class=\"form__twoColumns\">\r\n            <div class=\"form__input fade-in--active-1\">\r\n                <material-input label=\"Nom *\" type=\"text\" name=\"nom\" required><\/material-input>\r\n                [text* nom akismet:author]\r\n            <\/div>\r\n            <div class=\"form__input fade-in--active-2\">\r\n                <material-input label=\"Pr\u00e9nom *\" type=\"text\" name=\"prenom\" required><\/material-input>\r\n                [text* prenom akismet:author]\r\n            <\/div>\r\n        <\/div>\r\n        <div class=\"form__twoColumns\">\r\n            <div class=\"form__input fade-in--active-3\">\r\n                <material-input label=\"T\u00e9l\u00e9phone *\" type=\"text\" name=\"telephone\" required><\/material-input>\r\n                [tel* telephone]\r\n            <\/div>\r\n            <div class=\"form__input fade-in--active-4\">\r\n                <material-input label=\"E-mail *\" type=\"email\" name=\"email\" required><\/material-input>\r\n                [email* email akismet:author_email]\r\n            <\/div>\r\n        <\/div>\r\n        <div class=\"form__input fade-in--active-5\">\r\n            <material-input label=\"Objet du mail *\" type=\"text\" name=\"sujet\" required><\/material-input>\r\n            [text* sujet]\r\n        <\/div>\r\n        <div class=\"form__input fade-in--active-6\">\r\n            <material-input label=\"Votre message ou question *\" type=\"textarea\" name=\"message\" required><\/material-input>\r\n            [textarea* message]\r\n        <\/div>\r\n        <div class=\"collegialConsultationForm__footer\">\r\n            <div class=\"collegialConsultationForm__footer__files fade-in--active-8\">\r\n                <p class=\"collegialConsultationForm__footer__label\">Ajouter des photos :<\/p>\r\n                <div class=\"form__files\">\r\n                    [multilinefile files filetypes:png|jpg|jpeg \"Choisissez un fichier\"]\r\n                <\/div>\r\n            <\/div>\r\n            <div class=\"collegialConsultationForm__footer__acceptance fade-in--active-9\">\r\n                [acceptance rgpd] J\u2019accepte que le site utilise ces informations pour r\u00e9pondre \u00e0 ma demande * [\/acceptance]\r\n            <\/div>\r\n        <\/div>\r\n        <div class=\"collegialConsultationForm__submit form__submit fade-in--active-10\">\r\n            [submit \"Envoyer\"]\r\n        <\/div>\r\n    <\/div>\r\n<\/div>\n1\nInside The Hip - Consultation Coll\u00e9giale \"[sujet]\"\nInside The Hip <no-reply@www.chirurgiedelahanche.com>\ncarine.celard@clinique-trenel.com\nDe\u00a0: [nom]\u00a0[prenom] <[email]>\r\nT\u00e9l\u00e9phone : [telephone]\r\nEmail : [email]\r\nObjet\u00a0: [sujet]\r\n\r\nCorps du message\u00a0:\r\n[message]\r\n\r\n\r\n-- \r\nCet e-mail a \u00e9t\u00e9 envoy\u00e9 via le formulaire de contact de Inside The Hip.\nReply-To: [email]\nBCC: yacine@antipodesmultimedia.com\n[files]\n\n\n\nInside The Hip \"[your-subject]\"\nInside The Hip <wordpress@dev.inside-the-hip.com>\n[your-email]\nCorps du message\u00a0:\r\n[your-message]\r\n\r\n-- \r\nCet e-mail a \u00e9t\u00e9 envoy\u00e9 via le formulaire de contact de Inside The Hip (https:\/\/www.chirurgiedelahanche.com)\nReply-To: yourname@yourdomain.com\n\n\n\nMerci pour votre message. Il a \u00e9t\u00e9 envoy\u00e9.\nUne erreur s\u2019est produite lors de l\u2019envoi de votre message. Veuillez essayer \u00e0 nouveau plus tard.\nUn ou plusieurs champs contiennent une erreur. Veuillez v\u00e9rifier et essayer \u00e0 nouveau.\nUne erreur s\u2019est produite lors de l\u2019envoi de votre message. Veuillez essayer \u00e0 nouveau plus tard.\nVous devez accepter les termes et conditions avant d\u2019envoyer votre message.\nCe champ est obligatoire.\nLe champ est trop long.\nLe champ est trop court.\nUne erreur inconnue s\u2019est produite lors du t\u00e9l\u00e9versement du fichier.\nVous n\u2019avez pas les droits n\u00e9cessaires pour t\u00e9l\u00e9verser ce type de fichier.\nLe fichier est trop volumineux.\nUne erreur s\u2019est produite lors du t\u00e9l\u00e9versement du fichier.\nThere was an error in zippng the files.\nYou need to upload atleast __min_file_limit__ files.\nYou can not upload more than __max_file_limit__ files per request.\nLe format de date est incorrect.\nLa date pr\u00e9c\u00e8de la premi\u00e8re date autoris\u00e9e.\nLa date est post\u00e9rieure \u00e0 la derni\u00e8re date autoris\u00e9e.\nLe format du nombre est invalide.\nLe nombre est plus petit que le minimum autoris\u00e9.\nLe nombre est plus grand que le maximum autoris\u00e9.\nLa r\u00e9ponse \u00e0 la question est incorrecte.\nL\u2019adresse e-mail n\u2019est pas valide.\nL\u2019URL n\u2019est pas valide.\nLe num\u00e9ro de t\u00e9l\u00e9phone n\u2019est pas valide.\nacceptance_as_validation: on","post_title":"Formulaire de contact - Coll\u00e9giale","post_excerpt":"","post_status":"publish","comment_status":"closed","ping_status":"closed","post_password":"","post_name":"formulaire-de-contact-1","to_ping":"","pinged":"","post_modified":"2026-02-10 09:10:34","post_modified_gmt":"2026-02-10 09:10:34","post_content_filtered":"","post_parent":0,"guid":"https:\/\/www.chirurgiedelahanche.com?post_type=wpcf7_contact_form&#038;p=8","menu_order":0,"post_type":"wpcf7_contact_form","post_mime_type":"","comment_count":"0","filter":"raw"}],"media_accordion":null,"media_type":"image","image":{"ID":3110,"id":3110,"title":"cabinets-cliniques-nollet-inside-the-hip-traitement-phatologie-hanche-paris","filename":"cabinets-cliniques-nollet-inside-the-hip-traitement-phatologie-hanche-paris.png","filesize":343002,"url":"https:\/\/www.chirurgiedelahanche.com\/app\/uploads\/2020\/10\/cabinets-cliniques-nollet-inside-the-hip-traitement-phatologie-hanche-paris.png","link":"https:\/\/www.chirurgiedelahanche.com\/en\/?attachment_id=3110","alt":"Inside the Hip | Practice and clinics specializing in hip replacement surgery | Paris","author":"25","description":"","caption":"","name":"cabinets-cliniques-nollet-inside-the-hip-traitement-phatologie-hanche-paris-2","status":"inherit","uploaded_to":3930,"date":"2021-10-07 17:11:02","modified":"2023-08-29 10:12:19","menu_order":0,"mime_type":"image\/png","type":"image","subtype":"png","icon":"https:\/\/www.chirurgiedelahanche.com\/wp\/wp-includes\/images\/media\/default.png","width":863,"height":717,"sizes":{"thumbnail":"https:\/\/www.chirurgiedelahanche.com\/app\/uploads\/2020\/10\/cabinets-cliniques-nollet-inside-the-hip-traitement-phatologie-hanche-paris-150x150.png","thumbnail-width":150,"thumbnail-height":150,"medium":"https:\/\/www.chirurgiedelahanche.com\/app\/uploads\/2020\/10\/cabinets-cliniques-nollet-inside-the-hip-traitement-phatologie-hanche-paris-300x249.png","medium-width":300,"medium-height":249,"medium_large":"https:\/\/www.chirurgiedelahanche.com\/app\/uploads\/2020\/10\/cabinets-cliniques-nollet-inside-the-hip-traitement-phatologie-hanche-paris-768x638.png","medium_large-width":768,"medium_large-height":638,"large":"https:\/\/www.chirurgiedelahanche.com\/app\/uploads\/2020\/10\/cabinets-cliniques-nollet-inside-the-hip-traitement-phatologie-hanche-paris.png","large-width":863,"large-height":717,"1536x1536":"https:\/\/www.chirurgiedelahanche.com\/app\/uploads\/2020\/10\/cabinets-cliniques-nollet-inside-the-hip-traitement-phatologie-hanche-paris.png","1536x1536-width":863,"1536x1536-height":717,"2048x2048":"https:\/\/www.chirurgiedelahanche.com\/app\/uploads\/2020\/10\/cabinets-cliniques-nollet-inside-the-hip-traitement-phatologie-hanche-paris.png","2048x2048-width":863,"2048x2048-height":717,"surgeon":"https:\/\/www.chirurgiedelahanche.com\/app\/uploads\/2020\/10\/cabinets-cliniques-nollet-inside-the-hip-traitement-phatologie-hanche-paris-410x525.png","surgeon-width":410,"surgeon-height":525,"surgeon_tab":"https:\/\/www.chirurgiedelahanche.com\/app\/uploads\/2020\/10\/cabinets-cliniques-nollet-inside-the-hip-traitement-phatologie-hanche-paris.png","surgeon_tab-width":370,"surgeon_tab-height":307,"post-thumbnail":"https:\/\/www.chirurgiedelahanche.com\/app\/uploads\/2020\/10\/cabinets-cliniques-nollet-inside-the-hip-traitement-phatologie-hanche-paris-400x245.png","post-thumbnail-width":400,"post-thumbnail-height":245}},"video_type":"","video_external":"","video_internal_video":false},"rows":[{"section_position":"center","section_style":"","section_title":"","section_description":"","section_appointment_button":false,"columns":[{"components":[{"acf_fc_layout":"clinics","acfe_flexible_toggle":"","show_images":true}]}],"container":"container","classes":[],"background_color":"","paddings":false,"top_margin":true},{"section_position":"center","section_style":"","section_title":"","section_description":"","section_appointment_button":false,"columns":[{"components":[{"acf_fc_layout":"buttons_block","acfe_flexible_toggle":"","title":"<h2>Learn more<\/h2>\n","buttons":[{"button":{"title":"Our values","url":"https:\/\/www.chirurgiedelahanche.com\/en\/inside-the-hip\/our-values\/","target":""}},{"button":{"title":"Dr Alexis Nogier","url":"https:\/\/www.chirurgiedelahanche.com\/en\/inside-the-hip\/dr-alexis-nogier\/","target":""}},{"button":{"title":"Dr Idriss Tourabaly","url":"https:\/\/www.chirurgiedelahanche.com\/en\/inside-the-hip\/dr-idriss-tourabaly\/","target":""}},{"button":{"title":"Dr Cyril Courtin","url":"https:\/\/www.chirurgiedelahanche.com\/en\/inside-the-hip\/dr-cyril-courtin\/","target":""}},{"button":{"title":"The team ","url":"https:\/\/www.chirurgiedelahanche.com\/en\/inside-the-hip\/team\/","target":""}},{"button":{"title":"Management","url":"https:\/\/www.chirurgiedelahanche.com\/en\/inside-the-hip\/treatments\/","target":""}},{"button":{"title":"Hospitalization","url":"https:\/\/www.chirurgiedelahanche.com\/en\/inside-the-hip\/hospitalization\/","target":""}}]}]}],"container":"container","classes":[],"background_color":"","paddings":false,"top_margin":true}]},"_links":{"self":[{"href":"https:\/\/www.chirurgiedelahanche.com\/en\/wp-json\/wp\/v2\/pages\/3580","targetHints":{"allow":["GET"]}}],"collection":[{"href":"https:\/\/www.chirurgiedelahanche.com\/en\/wp-json\/wp\/v2\/pages"}],"about":[{"href":"https:\/\/www.chirurgiedelahanche.com\/en\/wp-json\/wp\/v2\/types\/page"}],"author":[{"embeddable":true,"href":"https:\/\/www.chirurgiedelahanche.com\/en\/wp-json\/wp\/v2\/users\/25"}],"replies":[{"embeddable":true,"href":"https:\/\/www.chirurgiedelahanche.com\/en\/wp-json\/wp\/v2\/comments?post=3580"}],"version-history":[{"count":0,"href":"https:\/\/www.chirurgiedelahanche.com\/en\/wp-json\/wp\/v2\/pages\/3580\/revisions"}],"up":[{"embeddable":true,"href":"https:\/\/www.chirurgiedelahanche.com\/en\/wp-json\/wp\/v2\/pages\/3193"}],"wp:attachment":[{"href":"https:\/\/www.chirurgiedelahanche.com\/en\/wp-json\/wp\/v2\/media?parent=3580"}],"curies":[{"name":"wp","href":"https:\/\/api.w.org\/{rel}","templated":true}]}}