{"id":3287,"date":"2021-08-19T14:12:50","date_gmt":"2021-08-19T14:12:50","guid":{"rendered":"https:\/\/www.chirurgiedelahanche.com\/treatments\/hip-arthroscopy\/indications\/"},"modified":"2025-10-23T11:17:40","modified_gmt":"2025-10-23T11:17:40","slug":"indications","status":"publish","type":"page","link":"https:\/\/www.chirurgiedelahanche.com\/en\/treatments\/hip-arthroscopy\/indications\/","title":{"rendered":"Indications for Hip Arthroscopy"},"content":{"rendered":"","protected":false},"excerpt":{"rendered":"","protected":false},"author":24,"featured_media":0,"parent":3283,"menu_order":19,"comment_status":"closed","ping_status":"closed","template":"page-templates\/internal-page.php","meta":{"footnotes":""},"class_list":["post-3287","page","type-page","status-publish","hentry"],"acf":[],"yoast_head":"<!-- This site is optimized with the Yoast SEO plugin v27.3 - https:\/\/yoast.com\/product\/yoast-seo-wordpress\/ -->\n<title>Hip Arthroscopy: Indications | Procedure in Paris &amp; Lyon | Inside the Hip<\/title>\n<meta name=\"description\" content=\"Learn more about the different indications for hip arthroscopy, a minimally invasive surgical procedure. Inside The Hip (Paris 17th, Paris 19th and Lyon. France) informs you about this intervention, step by step.\" \/>\n<meta name=\"robots\" content=\"index, follow, max-snippet:-1, max-image-preview:large, max-video-preview:-1\" \/>\n<link rel=\"canonical\" href=\"https:\/\/www.chirurgiedelahanche.com\/en\/treatments\/hip-arthroscopy\/indications\/\" \/>\n<meta property=\"og:locale\" content=\"en_US\" \/>\n<meta property=\"og:type\" content=\"article\" \/>\n<meta property=\"og:title\" content=\"Hip Arthroscopy: Indications | Procedure in Paris &amp; Lyon | Inside the Hip\" \/>\n<meta property=\"og:description\" content=\"Learn more about the different indications for hip arthroscopy, a minimally invasive surgical procedure. Inside The Hip (Paris 17th, Paris 19th and Lyon. France) informs you about this intervention, step by step.\" \/>\n<meta property=\"og:url\" content=\"https:\/\/www.chirurgiedelahanche.com\/en\/treatments\/hip-arthroscopy\/indications\/\" \/>\n<meta property=\"og:site_name\" content=\"Inside The Hip\" \/>\n<meta property=\"article:modified_time\" content=\"2025-10-23T11:17:40+00:00\" \/>\n<meta name=\"twitter:card\" content=\"summary_large_image\" \/>\n<script type=\"application\/ld+json\" class=\"yoast-schema-graph\">{\"@context\":\"https:\\\/\\\/schema.org\",\"@graph\":[{\"@type\":\"WebPage\",\"@id\":\"https:\\\/\\\/www.chirurgiedelahanche.com\\\/en\\\/treatments\\\/hip-arthroscopy\\\/indications\\\/\",\"url\":\"https:\\\/\\\/www.chirurgiedelahanche.com\\\/en\\\/treatments\\\/hip-arthroscopy\\\/indications\\\/\",\"name\":\"Hip Arthroscopy: Indications | Procedure in Paris & Lyon | Inside the Hip\",\"isPartOf\":{\"@id\":\"https:\\\/\\\/www.chirurgiedelahanche.com\\\/#website\"},\"datePublished\":\"2021-08-19T14:12:50+00:00\",\"dateModified\":\"2025-10-23T11:17:40+00:00\",\"description\":\"Learn more about the different indications for hip arthroscopy, a minimally invasive surgical procedure. Inside The Hip (Paris 17th, Paris 19th and Lyon. France) informs you about this intervention, step by step.\",\"breadcrumb\":{\"@id\":\"https:\\\/\\\/www.chirurgiedelahanche.com\\\/en\\\/treatments\\\/hip-arthroscopy\\\/indications\\\/#breadcrumb\"},\"inLanguage\":\"en-US\",\"potentialAction\":[{\"@type\":\"ReadAction\",\"target\":[\"https:\\\/\\\/www.chirurgiedelahanche.com\\\/en\\\/treatments\\\/hip-arthroscopy\\\/indications\\\/\"]}]},{\"@type\":\"BreadcrumbList\",\"@id\":\"https:\\\/\\\/www.chirurgiedelahanche.com\\\/en\\\/treatments\\\/hip-arthroscopy\\\/indications\\\/#breadcrumb\",\"itemListElement\":[{\"@type\":\"ListItem\",\"position\":1,\"name\":\"Accueil\",\"item\":\"https:\\\/\\\/www.chirurgiedelahanche.com\\\/en\\\/\"},{\"@type\":\"ListItem\",\"position\":2,\"name\":\"Treatments\",\"item\":\"https:\\\/\\\/www.chirurgiedelahanche.com\\\/en\\\/treatments\\\/\"},{\"@type\":\"ListItem\",\"position\":3,\"name\":\"Hip Arthroscopy\",\"item\":\"https:\\\/\\\/www.chirurgiedelahanche.com\\\/en\\\/treatments\\\/hip-arthroscopy\\\/\"},{\"@type\":\"ListItem\",\"position\":4,\"name\":\"Indications for Hip Arthroscopy\"}]},{\"@type\":\"WebSite\",\"@id\":\"https:\\\/\\\/www.chirurgiedelahanche.com\\\/#website\",\"url\":\"https:\\\/\\\/www.chirurgiedelahanche.com\\\/\",\"name\":\"Inside The Hip\",\"description\":\"\",\"potentialAction\":[{\"@type\":\"SearchAction\",\"target\":{\"@type\":\"EntryPoint\",\"urlTemplate\":\"https:\\\/\\\/www.chirurgiedelahanche.com\\\/?s={search_term_string}\"},\"query-input\":{\"@type\":\"PropertyValueSpecification\",\"valueRequired\":true,\"valueName\":\"search_term_string\"}}],\"inLanguage\":\"en-US\"}]}<\/script>\n<!-- \/ Yoast SEO plugin. -->","yoast_head_json":{"title":"Hip Arthroscopy: Indications | Procedure in Paris & Lyon | Inside the Hip","description":"Learn more about the different indications for hip arthroscopy, a minimally invasive surgical procedure. Inside The Hip (Paris 17th, Paris 19th and Lyon. France) informs you about this intervention, step by step.","robots":{"index":"index","follow":"follow","max-snippet":"max-snippet:-1","max-image-preview":"max-image-preview:large","max-video-preview":"max-video-preview:-1"},"canonical":"https:\/\/www.chirurgiedelahanche.com\/en\/treatments\/hip-arthroscopy\/indications\/","og_locale":"en_US","og_type":"article","og_title":"Hip Arthroscopy: Indications | Procedure in Paris & Lyon | Inside the Hip","og_description":"Learn more about the different indications for hip arthroscopy, a minimally invasive surgical procedure. Inside The Hip (Paris 17th, Paris 19th and Lyon. France) informs you about this intervention, step by step.","og_url":"https:\/\/www.chirurgiedelahanche.com\/en\/treatments\/hip-arthroscopy\/indications\/","og_site_name":"Inside The Hip","article_modified_time":"2025-10-23T11:17:40+00:00","twitter_card":"summary_large_image","schema":{"@context":"https:\/\/schema.org","@graph":[{"@type":"WebPage","@id":"https:\/\/www.chirurgiedelahanche.com\/en\/treatments\/hip-arthroscopy\/indications\/","url":"https:\/\/www.chirurgiedelahanche.com\/en\/treatments\/hip-arthroscopy\/indications\/","name":"Hip Arthroscopy: Indications | Procedure in Paris & Lyon | Inside the Hip","isPartOf":{"@id":"https:\/\/www.chirurgiedelahanche.com\/#website"},"datePublished":"2021-08-19T14:12:50+00:00","dateModified":"2025-10-23T11:17:40+00:00","description":"Learn more about the different indications for hip arthroscopy, a minimally invasive surgical procedure. Inside The Hip (Paris 17th, Paris 19th and Lyon. France) informs you about this intervention, step by step.","breadcrumb":{"@id":"https:\/\/www.chirurgiedelahanche.com\/en\/treatments\/hip-arthroscopy\/indications\/#breadcrumb"},"inLanguage":"en-US","potentialAction":[{"@type":"ReadAction","target":["https:\/\/www.chirurgiedelahanche.com\/en\/treatments\/hip-arthroscopy\/indications\/"]}]},{"@type":"BreadcrumbList","@id":"https:\/\/www.chirurgiedelahanche.com\/en\/treatments\/hip-arthroscopy\/indications\/#breadcrumb","itemListElement":[{"@type":"ListItem","position":1,"name":"Accueil","item":"https:\/\/www.chirurgiedelahanche.com\/en\/"},{"@type":"ListItem","position":2,"name":"Treatments","item":"https:\/\/www.chirurgiedelahanche.com\/en\/treatments\/"},{"@type":"ListItem","position":3,"name":"Hip Arthroscopy","item":"https:\/\/www.chirurgiedelahanche.com\/en\/treatments\/hip-arthroscopy\/"},{"@type":"ListItem","position":4,"name":"Indications for Hip Arthroscopy"}]},{"@type":"WebSite","@id":"https:\/\/www.chirurgiedelahanche.com\/#website","url":"https:\/\/www.chirurgiedelahanche.com\/","name":"Inside The Hip","description":"","potentialAction":[{"@type":"SearchAction","target":{"@type":"EntryPoint","urlTemplate":"https:\/\/www.chirurgiedelahanche.com\/?s={search_term_string}"},"query-input":{"@type":"PropertyValueSpecification","valueRequired":true,"valueName":"search_term_string"}}],"inLanguage":"en-US"}]}},"ACF":{"internal_page_header":{"display_appointment_button":true,"display_media":true,"text_accordion":null,"title":"<h1>Indications for Hip Arthroscopy<\/h1>\n","description":"<p>The hip is a deep joint, and mechanical degradation can occur early in life due to risk factors such as sports activities (combat sports, team sports, dance), trauma, or following a childhood pathology that is sometimes congenital.<\/p>\n","form":"","media_accordion":null,"media_type":"video","image":{"ID":1519,"id":1519,"title":"traitements-arthroscopie-hanche-indications-inside-the-hip","filename":"traitements-arthroscopie-hanche-indications-inside-the-hip.jpg","filesize":151132,"url":"https:\/\/www.chirurgiedelahanche.com\/app\/uploads\/2021\/09\/traitements-arthroscopie-hanche-indications-inside-the-hip.jpg","link":"https:\/\/www.chirurgiedelahanche.com\/en\/traitements\/arthroscopie-hanche\/indications\/attachment\/traitements-arthroscopie-hanche-indications-inside-the-hip\/","alt":"Arthroscopie de la hanche : indications | d\u00e9couvrez la qualit\u00e9 de cette technique \u00e0 Paris | Inside the Hip","author":"17","description":"","caption":"","name":"traitements-arthroscopie-hanche-indications-inside-the-hip","status":"inherit","uploaded_to":1466,"date":"2021-09-01 16:38:07","modified":"2021-09-28 15:28:01","menu_order":0,"mime_type":"image\/jpeg","type":"image","subtype":"jpeg","icon":"https:\/\/www.chirurgiedelahanche.com\/wp\/wp-includes\/images\/media\/default.png","width":1668,"height":1288,"sizes":{"thumbnail":"https:\/\/www.chirurgiedelahanche.com\/app\/uploads\/2021\/09\/traitements-arthroscopie-hanche-indications-inside-the-hip-150x150.jpg","thumbnail-width":150,"thumbnail-height":150,"medium":"https:\/\/www.chirurgiedelahanche.com\/app\/uploads\/2021\/09\/traitements-arthroscopie-hanche-indications-inside-the-hip-300x232.jpg","medium-width":300,"medium-height":232,"medium_large":"https:\/\/www.chirurgiedelahanche.com\/app\/uploads\/2021\/09\/traitements-arthroscopie-hanche-indications-inside-the-hip-768x593.jpg","medium_large-width":768,"medium_large-height":593,"large":"https:\/\/www.chirurgiedelahanche.com\/app\/uploads\/2021\/09\/traitements-arthroscopie-hanche-indications-inside-the-hip-1024x791.jpg","large-width":1024,"large-height":791,"1536x1536":"https:\/\/www.chirurgiedelahanche.com\/app\/uploads\/2021\/09\/traitements-arthroscopie-hanche-indications-inside-the-hip-1536x1186.jpg","1536x1536-width":1536,"1536x1536-height":1186,"2048x2048":"https:\/\/www.chirurgiedelahanche.com\/app\/uploads\/2021\/09\/traitements-arthroscopie-hanche-indications-inside-the-hip.jpg","2048x2048-width":1668,"2048x2048-height":1288,"surgeon":"https:\/\/www.chirurgiedelahanche.com\/app\/uploads\/2021\/09\/traitements-arthroscopie-hanche-indications-inside-the-hip-410x525.jpg","surgeon-width":410,"surgeon-height":525,"surgeon_tab":"https:\/\/www.chirurgiedelahanche.com\/app\/uploads\/2021\/09\/traitements-arthroscopie-hanche-indications-inside-the-hip.jpg","surgeon_tab-width":370,"surgeon_tab-height":286,"post-thumbnail":"https:\/\/www.chirurgiedelahanche.com\/app\/uploads\/2021\/09\/traitements-arthroscopie-hanche-indications-inside-the-hip-400x245.jpg","post-thumbnail-width":400,"post-thumbnail-height":245}},"video_type":"external","video_external":"https:\/\/www.youtube.com\/watch?v=4MEEBeDWSIc","video_internal_video":false},"rows":[{"section_position":"center","section_style":"","section_title":"","section_description":"","section_appointment_button":false,"columns":[{"components":[{"acf_fc_layout":"anchor_block","acfe_flexible_toggle":"","blocks":[{"inner_block":[{"automatic_anchor_name":true,"anchor_name":"","different_content_title":true,"content_title":"<h2>Coxopathy and Arthroscopy<\/h2>\n","title":"<p>Generality<\/p>\n","content":[{"acf_fc_layout":"text","acfe_flexible_toggle":"","text":"<p>The most common indication for hip arthroscopy is femoroacetabular impingement. The combination of a malformation (femoral cam or acetabular pincer) and participation in high-risk sports leads to joint lesions affecting the acetabular labrum and then the cartilage. The progression to arthritis is inevitable if the joint&#8217;s mechanical conditions are not corrected. In this context, arthroscopy is the reference technique for exploring the lesions of the impingement and then correcting the femoral cam (femoroplasty) and\/or the acetabular pincer (acetabuloplasty). The labrum is repaired or resected depending on the type of lesion observed. The cartilage is treated by resection in cases of unstable flaps.<\/p>\n<p>Villonodular synovitis and hip chondromatosis are rare indications for arthroscopy, often delayed due to difficult diagnosis.<br \/>\nCoxarthrosis is generally not an indication for arthroscopy, except in certain cases of moderate arthritis associated with aggressive osteophytes or hip impingement.<\/p>\n"}]}]},{"inner_block":[{"automatic_anchor_name":true,"anchor_name":"","different_content_title":true,"content_title":"<h2>Diagnostic Approach<\/h2>\n","title":"<p>Diagnostic<\/p>\n","content":[{"acf_fc_layout":"text","acfe_flexible_toggle":"","text":"<p>Before deciding on hip arthroscopy, it is necessary to perform a complete radiological assessment to screen for any severe dysplasia that would contraindicate the procedure. X-rays help to classify the stage of arthritis and to highlight any associated malformations: femoral cam, acetabular pincer, coxa vara or coxa valga, coxa profunda, acetabular protrusion.<\/p>\n<p>Since the labrum, cartilage, and ligaments are not visible on X-rays, it is then appropriate to use sectional imaging to identify potential lesions. Arthroscopy requires the injection of a contrast agent and can be combined with a cortisone or hyaluronic acid infiltration; the cartilage and labrum are very well visualized. MRI or arthro MRI provide additional information such as the presence of subchondral suffering (bone edema), a cyst, or an associated tendinopathy.<\/p>\n"}]}]}]}]}],"container":"container","classes":[],"background_color":"","paddings":false,"top_margin":true},{"section_position":"center","section_style":"","section_title":"","section_description":"","section_appointment_button":false,"columns":[{"components":[{"acf_fc_layout":"buttons_block","acfe_flexible_toggle":"","title":"<h2>More about<br \/>\nhip arthroscopy<\/h2>\n","buttons":[{"button":{"title":"Hip Arthroscopy- Surgery","url":"https:\/\/www.chirurgiedelahanche.com\/en\/treatments\/hip-arthroscopy\/operation\/","target":""}},{"button":{"title":"Postoperative Care","url":"https:\/\/www.chirurgiedelahanche.com\/en\/treatments\/hip-arthroscopy\/post-operative-follow-up\/","target":""}}]}]}],"container":"container","classes":["section--buttonsBlock"],"background_color":"","paddings":true,"top_margin":false}]},"_links":{"self":[{"href":"https:\/\/www.chirurgiedelahanche.com\/en\/wp-json\/wp\/v2\/pages\/3287","targetHints":{"allow":["GET"]}}],"collection":[{"href":"https:\/\/www.chirurgiedelahanche.com\/en\/wp-json\/wp\/v2\/pages"}],"about":[{"href":"https:\/\/www.chirurgiedelahanche.com\/en\/wp-json\/wp\/v2\/types\/page"}],"author":[{"embeddable":true,"href":"https:\/\/www.chirurgiedelahanche.com\/en\/wp-json\/wp\/v2\/users\/24"}],"replies":[{"embeddable":true,"href":"https:\/\/www.chirurgiedelahanche.com\/en\/wp-json\/wp\/v2\/comments?post=3287"}],"version-history":[{"count":0,"href":"https:\/\/www.chirurgiedelahanche.com\/en\/wp-json\/wp\/v2\/pages\/3287\/revisions"}],"up":[{"embeddable":true,"href":"https:\/\/www.chirurgiedelahanche.com\/en\/wp-json\/wp\/v2\/pages\/3283"}],"wp:attachment":[{"href":"https:\/\/www.chirurgiedelahanche.com\/en\/wp-json\/wp\/v2\/media?parent=3287"}],"curies":[{"name":"wp","href":"https:\/\/api.w.org\/{rel}","templated":true}]}}