{"id":3244,"date":"2021-08-19T11:14:42","date_gmt":"2021-08-19T11:14:42","guid":{"rendered":"https:\/\/www.chirurgiedelahanche.com\/treatments\/custom-made-hip-prosthesis\/scanner-3d\/"},"modified":"2025-10-23T11:23:02","modified_gmt":"2025-10-23T11:23:02","slug":"3d-scanner","status":"publish","type":"page","link":"https:\/\/www.chirurgiedelahanche.com\/en\/treatments\/custom-made-hip-prosthesis\/3d-scanner\/","title":{"rendered":"3d Scanning"},"content":{"rendered":"","protected":false},"excerpt":{"rendered":"","protected":false},"author":24,"featured_media":0,"parent":3237,"menu_order":9,"comment_status":"closed","ping_status":"closed","template":"page-templates\/internal-page.php","meta":{"footnotes":""},"class_list":["post-3244","page","type-page","status-publish","hentry"],"acf":[],"yoast_head":"<!-- This site is optimized with the Yoast SEO plugin v27.3 - https:\/\/yoast.com\/product\/yoast-seo-wordpress\/ -->\n<title>Hip replacement: 3D scanner | Procedure in Paris &amp; Lyon | Inside the Hip<\/title>\n<meta name=\"description\" content=\"The 3D scanner is an innovative technology for assessing hip abnormalities. Inside The Hip informs you on how this specific examination is conducted. Clinics in Paris 17th, 19th, and Lyon, France\" \/>\n<meta name=\"robots\" content=\"index, follow, max-snippet:-1, max-image-preview:large, max-video-preview:-1\" \/>\n<link rel=\"canonical\" href=\"https:\/\/www.chirurgiedelahanche.com\/en\/treatments\/custom-made-hip-prosthesis\/3d-scanner\/\" \/>\n<meta property=\"og:locale\" content=\"en_US\" \/>\n<meta property=\"og:type\" content=\"article\" \/>\n<meta property=\"og:title\" content=\"Hip replacement: 3D scanner | Procedure in Paris &amp; Lyon | Inside the Hip\" \/>\n<meta property=\"og:description\" content=\"The 3D scanner is an innovative technology for assessing hip abnormalities. Inside The Hip informs you on how this specific examination is conducted. Clinics in Paris 17th, 19th, and Lyon, France\" \/>\n<meta property=\"og:url\" content=\"https:\/\/www.chirurgiedelahanche.com\/en\/treatments\/custom-made-hip-prosthesis\/3d-scanner\/\" \/>\n<meta property=\"og:site_name\" content=\"Inside The Hip\" \/>\n<meta property=\"article:modified_time\" content=\"2025-10-23T11:23:02+00:00\" \/>\n<meta name=\"twitter:card\" content=\"summary_large_image\" \/>\n<script type=\"application\/ld+json\" class=\"yoast-schema-graph\">{\"@context\":\"https:\\\/\\\/schema.org\",\"@graph\":[{\"@type\":\"WebPage\",\"@id\":\"https:\\\/\\\/www.chirurgiedelahanche.com\\\/en\\\/treatments\\\/custom-made-hip-prosthesis\\\/3d-scanner\\\/\",\"url\":\"https:\\\/\\\/www.chirurgiedelahanche.com\\\/en\\\/treatments\\\/custom-made-hip-prosthesis\\\/3d-scanner\\\/\",\"name\":\"Hip replacement: 3D scanner | Procedure in Paris & Lyon | Inside the Hip\",\"isPartOf\":{\"@id\":\"https:\\\/\\\/www.chirurgiedelahanche.com\\\/#website\"},\"datePublished\":\"2021-08-19T11:14:42+00:00\",\"dateModified\":\"2025-10-23T11:23:02+00:00\",\"description\":\"The 3D scanner is an innovative technology for assessing hip abnormalities. Inside The Hip informs you on how this specific examination is conducted. Clinics in Paris 17th, 19th, and Lyon, France\",\"breadcrumb\":{\"@id\":\"https:\\\/\\\/www.chirurgiedelahanche.com\\\/en\\\/treatments\\\/custom-made-hip-prosthesis\\\/3d-scanner\\\/#breadcrumb\"},\"inLanguage\":\"en-US\",\"potentialAction\":[{\"@type\":\"ReadAction\",\"target\":[\"https:\\\/\\\/www.chirurgiedelahanche.com\\\/en\\\/treatments\\\/custom-made-hip-prosthesis\\\/3d-scanner\\\/\"]}]},{\"@type\":\"BreadcrumbList\",\"@id\":\"https:\\\/\\\/www.chirurgiedelahanche.com\\\/en\\\/treatments\\\/custom-made-hip-prosthesis\\\/3d-scanner\\\/#breadcrumb\",\"itemListElement\":[{\"@type\":\"ListItem\",\"position\":1,\"name\":\"Accueil\",\"item\":\"https:\\\/\\\/www.chirurgiedelahanche.com\\\/en\\\/\"},{\"@type\":\"ListItem\",\"position\":2,\"name\":\"Treatments\",\"item\":\"https:\\\/\\\/www.chirurgiedelahanche.com\\\/en\\\/treatments\\\/\"},{\"@type\":\"ListItem\",\"position\":3,\"name\":\"Custom made hip prosthesis\",\"item\":\"https:\\\/\\\/www.chirurgiedelahanche.com\\\/en\\\/treatments\\\/custom-made-hip-prosthesis\\\/\"},{\"@type\":\"ListItem\",\"position\":4,\"name\":\"3d Scanning\"}]},{\"@type\":\"WebSite\",\"@id\":\"https:\\\/\\\/www.chirurgiedelahanche.com\\\/#website\",\"url\":\"https:\\\/\\\/www.chirurgiedelahanche.com\\\/\",\"name\":\"Inside The Hip\",\"description\":\"\",\"potentialAction\":[{\"@type\":\"SearchAction\",\"target\":{\"@type\":\"EntryPoint\",\"urlTemplate\":\"https:\\\/\\\/www.chirurgiedelahanche.com\\\/?s={search_term_string}\"},\"query-input\":{\"@type\":\"PropertyValueSpecification\",\"valueRequired\":true,\"valueName\":\"search_term_string\"}}],\"inLanguage\":\"en-US\"}]}<\/script>\n<!-- \/ Yoast SEO plugin. -->","yoast_head_json":{"title":"Hip replacement: 3D scanner | Procedure in Paris & Lyon | Inside the Hip","description":"The 3D scanner is an innovative technology for assessing hip abnormalities. Inside The Hip informs you on how this specific examination is conducted. Clinics in Paris 17th, 19th, and Lyon, France","robots":{"index":"index","follow":"follow","max-snippet":"max-snippet:-1","max-image-preview":"max-image-preview:large","max-video-preview":"max-video-preview:-1"},"canonical":"https:\/\/www.chirurgiedelahanche.com\/en\/treatments\/custom-made-hip-prosthesis\/3d-scanner\/","og_locale":"en_US","og_type":"article","og_title":"Hip replacement: 3D scanner | Procedure in Paris & Lyon | Inside the Hip","og_description":"The 3D scanner is an innovative technology for assessing hip abnormalities. Inside The Hip informs you on how this specific examination is conducted. Clinics in Paris 17th, 19th, and Lyon, France","og_url":"https:\/\/www.chirurgiedelahanche.com\/en\/treatments\/custom-made-hip-prosthesis\/3d-scanner\/","og_site_name":"Inside The Hip","article_modified_time":"2025-10-23T11:23:02+00:00","twitter_card":"summary_large_image","schema":{"@context":"https:\/\/schema.org","@graph":[{"@type":"WebPage","@id":"https:\/\/www.chirurgiedelahanche.com\/en\/treatments\/custom-made-hip-prosthesis\/3d-scanner\/","url":"https:\/\/www.chirurgiedelahanche.com\/en\/treatments\/custom-made-hip-prosthesis\/3d-scanner\/","name":"Hip replacement: 3D scanner | Procedure in Paris & Lyon | Inside the Hip","isPartOf":{"@id":"https:\/\/www.chirurgiedelahanche.com\/#website"},"datePublished":"2021-08-19T11:14:42+00:00","dateModified":"2025-10-23T11:23:02+00:00","description":"The 3D scanner is an innovative technology for assessing hip abnormalities. Inside The Hip informs you on how this specific examination is conducted. Clinics in Paris 17th, 19th, and Lyon, France","breadcrumb":{"@id":"https:\/\/www.chirurgiedelahanche.com\/en\/treatments\/custom-made-hip-prosthesis\/3d-scanner\/#breadcrumb"},"inLanguage":"en-US","potentialAction":[{"@type":"ReadAction","target":["https:\/\/www.chirurgiedelahanche.com\/en\/treatments\/custom-made-hip-prosthesis\/3d-scanner\/"]}]},{"@type":"BreadcrumbList","@id":"https:\/\/www.chirurgiedelahanche.com\/en\/treatments\/custom-made-hip-prosthesis\/3d-scanner\/#breadcrumb","itemListElement":[{"@type":"ListItem","position":1,"name":"Accueil","item":"https:\/\/www.chirurgiedelahanche.com\/en\/"},{"@type":"ListItem","position":2,"name":"Treatments","item":"https:\/\/www.chirurgiedelahanche.com\/en\/treatments\/"},{"@type":"ListItem","position":3,"name":"Custom made hip prosthesis","item":"https:\/\/www.chirurgiedelahanche.com\/en\/treatments\/custom-made-hip-prosthesis\/"},{"@type":"ListItem","position":4,"name":"3d Scanning"}]},{"@type":"WebSite","@id":"https:\/\/www.chirurgiedelahanche.com\/#website","url":"https:\/\/www.chirurgiedelahanche.com\/","name":"Inside The Hip","description":"","potentialAction":[{"@type":"SearchAction","target":{"@type":"EntryPoint","urlTemplate":"https:\/\/www.chirurgiedelahanche.com\/?s={search_term_string}"},"query-input":{"@type":"PropertyValueSpecification","valueRequired":true,"valueName":"search_term_string"}}],"inLanguage":"en-US"}]}},"ACF":{"internal_page_header":{"display_appointment_button":true,"display_media":true,"text_accordion":null,"title":"<h1>3D Scanning<\/h1>\n","description":"<p>The anatomy of the hip is complex and varies greatly from person to person. Within the Inside the Hip team, we believe that every prosthetic implantation should be preceded by three-dimensional imaging, as traditional radiography does not allow for a rigorous anatomical evaluation.<\/p>\n","form":"","media_accordion":null,"media_type":"video","image":{"ID":1540,"id":1540,"title":"traitements-prothese-hanche-sur-mesure-scanner-3d-inside-the-hip","filename":"traitements-prothese-hanche-sur-mesure-scanner-3d-inside-the-hip.jpg","filesize":143764,"url":"https:\/\/www.chirurgiedelahanche.com\/app\/uploads\/2021\/09\/traitements-prothese-hanche-sur-mesure-scanner-3d-inside-the-hip.jpg","link":"https:\/\/www.chirurgiedelahanche.com\/en\/traitements\/prothese-hanche-sur-mesure\/scanner-3d\/attachment\/traitements-prothese-hanche-sur-mesure-scanner-3d-inside-the-hip\/","alt":"Proth\u00e8se de hanche : scanner 3D | d\u00e9couvrez la qualit\u00e9 de cette technique \u00e0 Paris | Inside the Hip","author":"17","description":"","caption":"","name":"traitements-prothese-hanche-sur-mesure-scanner-3d-inside-the-hip","status":"inherit","uploaded_to":1428,"date":"2021-09-01 17:20:00","modified":"2021-10-08 08:28:28","menu_order":0,"mime_type":"image\/jpeg","type":"image","subtype":"jpeg","icon":"https:\/\/www.chirurgiedelahanche.com\/wp\/wp-includes\/images\/media\/default.png","width":1668,"height":1288,"sizes":{"thumbnail":"https:\/\/www.chirurgiedelahanche.com\/app\/uploads\/2021\/09\/traitements-prothese-hanche-sur-mesure-scanner-3d-inside-the-hip-150x150.jpg","thumbnail-width":150,"thumbnail-height":150,"medium":"https:\/\/www.chirurgiedelahanche.com\/app\/uploads\/2021\/09\/traitements-prothese-hanche-sur-mesure-scanner-3d-inside-the-hip-300x232.jpg","medium-width":300,"medium-height":232,"medium_large":"https:\/\/www.chirurgiedelahanche.com\/app\/uploads\/2021\/09\/traitements-prothese-hanche-sur-mesure-scanner-3d-inside-the-hip-768x593.jpg","medium_large-width":768,"medium_large-height":593,"large":"https:\/\/www.chirurgiedelahanche.com\/app\/uploads\/2021\/09\/traitements-prothese-hanche-sur-mesure-scanner-3d-inside-the-hip-1024x791.jpg","large-width":1024,"large-height":791,"1536x1536":"https:\/\/www.chirurgiedelahanche.com\/app\/uploads\/2021\/09\/traitements-prothese-hanche-sur-mesure-scanner-3d-inside-the-hip-1536x1186.jpg","1536x1536-width":1536,"1536x1536-height":1186,"2048x2048":"https:\/\/www.chirurgiedelahanche.com\/app\/uploads\/2021\/09\/traitements-prothese-hanche-sur-mesure-scanner-3d-inside-the-hip.jpg","2048x2048-width":1668,"2048x2048-height":1288,"surgeon":"https:\/\/www.chirurgiedelahanche.com\/app\/uploads\/2021\/09\/traitements-prothese-hanche-sur-mesure-scanner-3d-inside-the-hip-410x525.jpg","surgeon-width":410,"surgeon-height":525,"surgeon_tab":"https:\/\/www.chirurgiedelahanche.com\/app\/uploads\/2021\/09\/traitements-prothese-hanche-sur-mesure-scanner-3d-inside-the-hip.jpg","surgeon_tab-width":370,"surgeon_tab-height":286,"post-thumbnail":"https:\/\/www.chirurgiedelahanche.com\/app\/uploads\/2021\/09\/traitements-prothese-hanche-sur-mesure-scanner-3d-inside-the-hip-400x245.jpg","post-thumbnail-width":400,"post-thumbnail-height":245}},"video_type":"external","video_external":"https:\/\/www.youtube.com\/watch?v=A3HkoLlroBU","video_internal_video":false},"rows":[{"section_position":"center","section_style":"","section_title":"","section_description":"","section_appointment_button":false,"columns":[{"components":[{"acf_fc_layout":"anchor_block","acfe_flexible_toggle":"","blocks":[{"inner_block":[{"automatic_anchor_name":true,"anchor_name":"","different_content_title":true,"content_title":"<h2>The protocol<\/h2>\n","title":"<p>The protocol<\/p>\n","content":[{"acf_fc_layout":"text","acfe_flexible_toggle":"","text":"<p>The 3D assessment is based on a specific CT scan protocol that is carried out after the first consultation, in an authorized center. A prompt appointment is offered, and then the CT scan images are directly transmitted to the surgeon via a secure platform. A CT scan conducted outside the protocol of our team and\/or outside our reference centers is not suitable for planning the prosthetic implantation.<\/p>\n"}]}]},{"inner_block":[{"automatic_anchor_name":true,"anchor_name":"","different_content_title":true,"content_title":"<h2>The CT Scan Assessment<\/h2>\n","title":"<p>Assessments<\/p>\n","content":[{"acf_fc_layout":"text","acfe_flexible_toggle":"","text":"<p>This CT scan assessment confirms the diagnosis of coxopathy and measures the dimensions of the hip in three spatial planes. The anatomical measurements then allow for the planning of the design and placement of a custom prosthesis. <\/p>\n<p>This is done in collaboration with our team and the Custom department of Symbios, located in Yverdon, Switzerland. We control various aspects: the diameter of the acetabular cup, its inclination and anteversion, the position of the center of the prosthetic hip, as well as the intraosseous design of the femoral stem and the dimensions of its neck (offset and anteversion). This meticulous planning and fine tuning of the prosthesis is supported by the experience of several thousand implantations carried out by the Inside the Hip team.<\/p>\n"}]}]}]}]}],"container":"container","classes":[],"background_color":"","paddings":false,"top_margin":true},{"section_position":"center","section_style":"","section_title":"","section_description":"","section_appointment_button":false,"columns":[{"components":[{"acf_fc_layout":"buttons_block","acfe_flexible_toggle":"","title":"<h2>Learn more about other treatments<\/h2>\n","buttons":[{"button":{"title":"Symptoms","url":"https:\/\/www.chirurgiedelahanche.com\/en\/treatments\/custom-made-hip-prosthesis\/symptoms\/","target":""}},{"button":{"title":"Consultation","url":"https:\/\/www.chirurgiedelahanche.com\/en\/treatments\/custom-made-hip-prosthesis\/consultation\/","target":""}},{"button":{"title":"Manufacture of the prosthesis","url":"https:\/\/www.chirurgiedelahanche.com\/en\/treatments\/custom-made-hip-prosthesis\/manufacture\/","target":""}},{"button":{"title":"Surgery","url":"https:\/\/www.chirurgiedelahanche.com\/en\/treatments\/custom-made-hip-prosthesis\/surgery\/","target":""}},{"button":{"title":"Postoperative Recovery","url":"https:\/\/www.chirurgiedelahanche.com\/en\/treatments\/custom-made-hip-prosthesis\/post-operative-follow-up-operation\/","target":""}},{"button":{"title":"Testimonials","url":"https:\/\/www.chirurgiedelahanche.com\/en\/treatments\/custom-made-hip-prosthesis\/testimonials\/","target":""}}]}]}],"container":"container","classes":["section--buttonsBlock"],"background_color":"","paddings":true,"top_margin":false}]},"_links":{"self":[{"href":"https:\/\/www.chirurgiedelahanche.com\/en\/wp-json\/wp\/v2\/pages\/3244","targetHints":{"allow":["GET"]}}],"collection":[{"href":"https:\/\/www.chirurgiedelahanche.com\/en\/wp-json\/wp\/v2\/pages"}],"about":[{"href":"https:\/\/www.chirurgiedelahanche.com\/en\/wp-json\/wp\/v2\/types\/page"}],"author":[{"embeddable":true,"href":"https:\/\/www.chirurgiedelahanche.com\/en\/wp-json\/wp\/v2\/users\/24"}],"replies":[{"embeddable":true,"href":"https:\/\/www.chirurgiedelahanche.com\/en\/wp-json\/wp\/v2\/comments?post=3244"}],"version-history":[{"count":0,"href":"https:\/\/www.chirurgiedelahanche.com\/en\/wp-json\/wp\/v2\/pages\/3244\/revisions"}],"up":[{"embeddable":true,"href":"https:\/\/www.chirurgiedelahanche.com\/en\/wp-json\/wp\/v2\/pages\/3237"}],"wp:attachment":[{"href":"https:\/\/www.chirurgiedelahanche.com\/en\/wp-json\/wp\/v2\/media?parent=3244"}],"curies":[{"name":"wp","href":"https:\/\/api.w.org\/{rel}","templated":true}]}}