{"id":3240,"date":"2021-08-19T09:57:25","date_gmt":"2021-08-19T09:57:25","guid":{"rendered":"https:\/\/www.chirurgiedelahanche.com\/treatments\/custom-made-hip-prosthesis\/symptomes\/"},"modified":"2025-10-23T11:19:45","modified_gmt":"2025-10-23T11:19:45","slug":"symptoms","status":"publish","type":"page","link":"https:\/\/www.chirurgiedelahanche.com\/en\/treatments\/custom-made-hip-prosthesis\/symptoms\/","title":{"rendered":"Symptoms"},"content":{"rendered":"","protected":false},"excerpt":{"rendered":"","protected":false},"author":24,"featured_media":0,"parent":3237,"menu_order":7,"comment_status":"closed","ping_status":"closed","template":"page-templates\/internal-page.php","meta":{"footnotes":""},"class_list":["post-3240","page","type-page","status-publish","hentry"],"acf":[],"yoast_head":"<!-- This site is optimized with the Yoast SEO plugin v27.3 - https:\/\/yoast.com\/product\/yoast-seo-wordpress\/ -->\n<title>Hip replacement: Symptoms | Causes and Procedure in Paris &amp; Lyon | Inside the Hip<\/title>\n<meta name=\"description\" content=\"Learn about several hip symptoms (instability, impingement, etc.) that warrant a thorough diagnosis. Inside The Hip clinics team in Paris 17th, Paris 19th and Lyon (France) informs you about the causes and available procedures\" \/>\n<meta name=\"robots\" content=\"index, follow, max-snippet:-1, max-image-preview:large, max-video-preview:-1\" \/>\n<link rel=\"canonical\" href=\"https:\/\/www.chirurgiedelahanche.com\/en\/treatments\/custom-made-hip-prosthesis\/symptoms\/\" \/>\n<meta property=\"og:locale\" content=\"en_US\" \/>\n<meta property=\"og:type\" content=\"article\" \/>\n<meta property=\"og:title\" content=\"Hip replacement: Symptoms | Causes and Procedure in Paris &amp; Lyon | Inside the Hip\" \/>\n<meta property=\"og:description\" content=\"Learn about several hip symptoms (instability, impingement, etc.) that warrant a thorough diagnosis. Inside The Hip clinics team in Paris 17th, Paris 19th and Lyon (France) informs you about the causes and available procedures\" \/>\n<meta property=\"og:url\" content=\"https:\/\/www.chirurgiedelahanche.com\/en\/treatments\/custom-made-hip-prosthesis\/symptoms\/\" \/>\n<meta property=\"og:site_name\" content=\"Inside The Hip\" \/>\n<meta property=\"article:modified_time\" content=\"2025-10-23T11:19:45+00:00\" \/>\n<meta name=\"twitter:card\" content=\"summary_large_image\" \/>\n<script type=\"application\/ld+json\" class=\"yoast-schema-graph\">{\"@context\":\"https:\\\/\\\/schema.org\",\"@graph\":[{\"@type\":\"WebPage\",\"@id\":\"https:\\\/\\\/www.chirurgiedelahanche.com\\\/en\\\/treatments\\\/custom-made-hip-prosthesis\\\/symptoms\\\/\",\"url\":\"https:\\\/\\\/www.chirurgiedelahanche.com\\\/en\\\/treatments\\\/custom-made-hip-prosthesis\\\/symptoms\\\/\",\"name\":\"Hip replacement: Symptoms | Causes and Procedure in Paris & Lyon | Inside the Hip\",\"isPartOf\":{\"@id\":\"https:\\\/\\\/www.chirurgiedelahanche.com\\\/#website\"},\"datePublished\":\"2021-08-19T09:57:25+00:00\",\"dateModified\":\"2025-10-23T11:19:45+00:00\",\"description\":\"Learn about several hip symptoms (instability, impingement, etc.) that warrant a thorough diagnosis. Inside The Hip clinics team in Paris 17th, Paris 19th and Lyon (France) informs you about the causes and available procedures\",\"breadcrumb\":{\"@id\":\"https:\\\/\\\/www.chirurgiedelahanche.com\\\/en\\\/treatments\\\/custom-made-hip-prosthesis\\\/symptoms\\\/#breadcrumb\"},\"inLanguage\":\"en-US\",\"potentialAction\":[{\"@type\":\"ReadAction\",\"target\":[\"https:\\\/\\\/www.chirurgiedelahanche.com\\\/en\\\/treatments\\\/custom-made-hip-prosthesis\\\/symptoms\\\/\"]}]},{\"@type\":\"BreadcrumbList\",\"@id\":\"https:\\\/\\\/www.chirurgiedelahanche.com\\\/en\\\/treatments\\\/custom-made-hip-prosthesis\\\/symptoms\\\/#breadcrumb\",\"itemListElement\":[{\"@type\":\"ListItem\",\"position\":1,\"name\":\"Accueil\",\"item\":\"https:\\\/\\\/www.chirurgiedelahanche.com\\\/en\\\/\"},{\"@type\":\"ListItem\",\"position\":2,\"name\":\"Treatments\",\"item\":\"https:\\\/\\\/www.chirurgiedelahanche.com\\\/en\\\/treatments\\\/\"},{\"@type\":\"ListItem\",\"position\":3,\"name\":\"Custom made hip prosthesis\",\"item\":\"https:\\\/\\\/www.chirurgiedelahanche.com\\\/en\\\/treatments\\\/custom-made-hip-prosthesis\\\/\"},{\"@type\":\"ListItem\",\"position\":4,\"name\":\"Symptoms\"}]},{\"@type\":\"WebSite\",\"@id\":\"https:\\\/\\\/www.chirurgiedelahanche.com\\\/#website\",\"url\":\"https:\\\/\\\/www.chirurgiedelahanche.com\\\/\",\"name\":\"Inside The Hip\",\"description\":\"\",\"potentialAction\":[{\"@type\":\"SearchAction\",\"target\":{\"@type\":\"EntryPoint\",\"urlTemplate\":\"https:\\\/\\\/www.chirurgiedelahanche.com\\\/?s={search_term_string}\"},\"query-input\":{\"@type\":\"PropertyValueSpecification\",\"valueRequired\":true,\"valueName\":\"search_term_string\"}}],\"inLanguage\":\"en-US\"}]}<\/script>\n<!-- \/ Yoast SEO plugin. -->","yoast_head_json":{"title":"Hip replacement: Symptoms | Causes and Procedure in Paris & Lyon | Inside the Hip","description":"Learn about several hip symptoms (instability, impingement, etc.) that warrant a thorough diagnosis. Inside The Hip clinics team in Paris 17th, Paris 19th and Lyon (France) informs you about the causes and available procedures","robots":{"index":"index","follow":"follow","max-snippet":"max-snippet:-1","max-image-preview":"max-image-preview:large","max-video-preview":"max-video-preview:-1"},"canonical":"https:\/\/www.chirurgiedelahanche.com\/en\/treatments\/custom-made-hip-prosthesis\/symptoms\/","og_locale":"en_US","og_type":"article","og_title":"Hip replacement: Symptoms | Causes and Procedure in Paris & Lyon | Inside the Hip","og_description":"Learn about several hip symptoms (instability, impingement, etc.) that warrant a thorough diagnosis. Inside The Hip clinics team in Paris 17th, Paris 19th and Lyon (France) informs you about the causes and available procedures","og_url":"https:\/\/www.chirurgiedelahanche.com\/en\/treatments\/custom-made-hip-prosthesis\/symptoms\/","og_site_name":"Inside The Hip","article_modified_time":"2025-10-23T11:19:45+00:00","twitter_card":"summary_large_image","schema":{"@context":"https:\/\/schema.org","@graph":[{"@type":"WebPage","@id":"https:\/\/www.chirurgiedelahanche.com\/en\/treatments\/custom-made-hip-prosthesis\/symptoms\/","url":"https:\/\/www.chirurgiedelahanche.com\/en\/treatments\/custom-made-hip-prosthesis\/symptoms\/","name":"Hip replacement: Symptoms | Causes and Procedure in Paris & Lyon | Inside the Hip","isPartOf":{"@id":"https:\/\/www.chirurgiedelahanche.com\/#website"},"datePublished":"2021-08-19T09:57:25+00:00","dateModified":"2025-10-23T11:19:45+00:00","description":"Learn about several hip symptoms (instability, impingement, etc.) that warrant a thorough diagnosis. Inside The Hip clinics team in Paris 17th, Paris 19th and Lyon (France) informs you about the causes and available procedures","breadcrumb":{"@id":"https:\/\/www.chirurgiedelahanche.com\/en\/treatments\/custom-made-hip-prosthesis\/symptoms\/#breadcrumb"},"inLanguage":"en-US","potentialAction":[{"@type":"ReadAction","target":["https:\/\/www.chirurgiedelahanche.com\/en\/treatments\/custom-made-hip-prosthesis\/symptoms\/"]}]},{"@type":"BreadcrumbList","@id":"https:\/\/www.chirurgiedelahanche.com\/en\/treatments\/custom-made-hip-prosthesis\/symptoms\/#breadcrumb","itemListElement":[{"@type":"ListItem","position":1,"name":"Accueil","item":"https:\/\/www.chirurgiedelahanche.com\/en\/"},{"@type":"ListItem","position":2,"name":"Treatments","item":"https:\/\/www.chirurgiedelahanche.com\/en\/treatments\/"},{"@type":"ListItem","position":3,"name":"Custom made hip prosthesis","item":"https:\/\/www.chirurgiedelahanche.com\/en\/treatments\/custom-made-hip-prosthesis\/"},{"@type":"ListItem","position":4,"name":"Symptoms"}]},{"@type":"WebSite","@id":"https:\/\/www.chirurgiedelahanche.com\/#website","url":"https:\/\/www.chirurgiedelahanche.com\/","name":"Inside The Hip","description":"","potentialAction":[{"@type":"SearchAction","target":{"@type":"EntryPoint","urlTemplate":"https:\/\/www.chirurgiedelahanche.com\/?s={search_term_string}"},"query-input":{"@type":"PropertyValueSpecification","valueRequired":true,"valueName":"search_term_string"}}],"inLanguage":"en-US"}]}},"ACF":{"internal_page_header":{"display_appointment_button":true,"display_media":true,"text_accordion":null,"title":"<h1>Symptoms<\/h1>\n","description":"<p>The degradation of the hip joint (coxofemoral joint) often presents with noticeable symptoms. These symptoms include localized or referred pain, joint stiffness, cracking, and instability. Multiple symptoms can indicate hip dysfunction, which patients may discuss during a consultation with a specialist. The speed of their progression over time, as well as their physical, psychological, and social impact, helps assess their severity. The presence of symptoms that align with physical examination and imaging findings is essential for considering the implementation of a custom hip prosthesis.<\/p>\n","form":"","media_accordion":null,"media_type":"video","image":{"ID":1542,"id":1542,"title":"traitements-prothese-hanche-sur-mesure-symptomes-inside-the-hip","filename":"traitements-prothese-hanche-sur-mesure-symptomes-inside-the-hip.jpg","filesize":57071,"url":"https:\/\/www.chirurgiedelahanche.com\/app\/uploads\/2021\/09\/traitements-prothese-hanche-sur-mesure-symptomes-inside-the-hip.jpg","link":"https:\/\/www.chirurgiedelahanche.com\/en\/traitements\/prothese-hanche-sur-mesure\/symptomes\/attachment\/traitements-prothese-hanche-sur-mesure-symptomes-inside-the-hip\/","alt":"Proth\u00e8se de hanche : sympt\u00f4mes | d\u00e9couvrez la qualit\u00e9 de cette technique \u00e0 Paris | Inside the Hip","author":"17","description":"","caption":"","name":"traitements-prothese-hanche-sur-mesure-symptomes-inside-the-hip","status":"inherit","uploaded_to":1418,"date":"2021-09-01 17:21:55","modified":"2021-09-28 14:52:01","menu_order":0,"mime_type":"image\/jpeg","type":"image","subtype":"jpeg","icon":"https:\/\/www.chirurgiedelahanche.com\/wp\/wp-includes\/images\/media\/default.png","width":1657,"height":1288,"sizes":{"thumbnail":"https:\/\/www.chirurgiedelahanche.com\/app\/uploads\/2021\/09\/traitements-prothese-hanche-sur-mesure-symptomes-inside-the-hip-150x150.jpg","thumbnail-width":150,"thumbnail-height":150,"medium":"https:\/\/www.chirurgiedelahanche.com\/app\/uploads\/2021\/09\/traitements-prothese-hanche-sur-mesure-symptomes-inside-the-hip-300x233.jpg","medium-width":300,"medium-height":233,"medium_large":"https:\/\/www.chirurgiedelahanche.com\/app\/uploads\/2021\/09\/traitements-prothese-hanche-sur-mesure-symptomes-inside-the-hip-768x597.jpg","medium_large-width":768,"medium_large-height":597,"large":"https:\/\/www.chirurgiedelahanche.com\/app\/uploads\/2021\/09\/traitements-prothese-hanche-sur-mesure-symptomes-inside-the-hip-1024x796.jpg","large-width":1024,"large-height":796,"1536x1536":"https:\/\/www.chirurgiedelahanche.com\/app\/uploads\/2021\/09\/traitements-prothese-hanche-sur-mesure-symptomes-inside-the-hip-1536x1194.jpg","1536x1536-width":1536,"1536x1536-height":1194,"2048x2048":"https:\/\/www.chirurgiedelahanche.com\/app\/uploads\/2021\/09\/traitements-prothese-hanche-sur-mesure-symptomes-inside-the-hip.jpg","2048x2048-width":1657,"2048x2048-height":1288,"surgeon":"https:\/\/www.chirurgiedelahanche.com\/app\/uploads\/2021\/09\/traitements-prothese-hanche-sur-mesure-symptomes-inside-the-hip-410x525.jpg","surgeon-width":410,"surgeon-height":525,"surgeon_tab":"https:\/\/www.chirurgiedelahanche.com\/app\/uploads\/2021\/09\/traitements-prothese-hanche-sur-mesure-symptomes-inside-the-hip.jpg","surgeon_tab-width":370,"surgeon_tab-height":288,"post-thumbnail":"https:\/\/www.chirurgiedelahanche.com\/app\/uploads\/2021\/09\/traitements-prothese-hanche-sur-mesure-symptomes-inside-the-hip-400x245.jpg","post-thumbnail-width":400,"post-thumbnail-height":245}},"video_type":"external","video_external":"https:\/\/www.youtube.com\/watch?v=K7asVV2o9io","video_internal_video":false},"rows":[{"section_position":"center","section_style":"","section_title":"","section_description":"","section_appointment_button":false,"columns":[{"components":[{"acf_fc_layout":"anchor_block","acfe_flexible_toggle":"","blocks":[{"inner_block":[{"automatic_anchor_name":true,"anchor_name":"","different_content_title":true,"content_title":"<h2>Reasons for Consulting for a Hip Prosthesis<\/h2>\n","title":"<h2>Reasons<\/h2>\n","content":[{"acf_fc_layout":"text","acfe_flexible_toggle":"","text":"<p>The most common complaint leading to a hip prosthesis consultation is one or more pains located around the hip, which impact daily life and hinder the ability to perform physical, sporting, or leisure activities. Sometimes, the pain caused by hip damage can lead to more challenging diagnoses. Isolated knee pain, shin pain, or lower back pain can sometimes be caused by hip issues. Certain forms of hip coxopathy may manifest as nighttime pain or mechanical symptoms like snapping, instability, and painful blockages. Stiffness, or difficulty in moving the hip joint, is also a reason for consultation. It can become difficult to cut toenails, put on socks, or lace shoes due to joint stiffness.<\/p>\n"}]}]},{"inner_block":[{"automatic_anchor_name":true,"anchor_name":"","different_content_title":true,"content_title":"<h2>Evaluating the Symptoms<\/h2>\n","title":"<h2>Symptoms<\/h2>\n","content":[{"acf_fc_layout":"text","acfe_flexible_toggle":"","text":"<p>The evaluation of the impact of coxopathy is a major stake of the consultation. The level of pain, the frequency of symptoms, the impossibility of practicing certain leisure or sports activities, or even of daily life (shopping, driving) are investigated.<br \/>\nThe psychological, professional and sexual repercussions will be taken into account in the evaluation of coxopathy.<\/p>\n"}]}]}]}]}],"container":"container","classes":[],"background_color":"","paddings":false,"top_margin":true},{"section_position":"center","section_style":"","section_title":"<h2>Testimonials<\/h2>\n","section_description":"","section_appointment_button":false,"columns":[{"components":[{"acf_fc_layout":"home_testimonials","acfe_flexible_toggle":"","testimonials":[{"ID":3564,"post_author":"25","post_date":"2023-08-22 09:36:40","post_date_gmt":"2023-08-22 09:36:40","post_content":"","post_title":"Cristina's symptoms EN","post_excerpt":"","post_status":"publish","comment_status":"closed","ping_status":"closed","post_password":"","post_name":"cristinas-symptoms-en","to_ping":"","pinged":"","post_modified":"2023-09-05 16:49:20","post_modified_gmt":"2023-09-05 16:49:20","post_content_filtered":"","post_parent":0,"guid":"https:\/\/www.chirurgiedelahanche.com\/?post_type=testimonial&#038;p=3564","menu_order":0,"post_type":"testimonial","post_mime_type":"","comment_count":"0","filter":"raw"},{"ID":3565,"post_author":"25","post_date":"2023-08-22 09:39:23","post_date_gmt":"2023-08-22 09:39:23","post_content":"","post_title":"Medi's symptoms EN","post_excerpt":"","post_status":"publish","comment_status":"closed","ping_status":"closed","post_password":"","post_name":"medis-symptoms-en","to_ping":"","pinged":"","post_modified":"2023-09-05 16:49:32","post_modified_gmt":"2023-09-05 16:49:32","post_content_filtered":"","post_parent":0,"guid":"https:\/\/www.chirurgiedelahanche.com\/?post_type=testimonial&#038;p=3565","menu_order":0,"post_type":"testimonial","post_mime_type":"","comment_count":"0","filter":"raw"},{"ID":3566,"post_author":"25","post_date":"2023-08-22 09:40:42","post_date_gmt":"2023-08-22 09:40:42","post_content":"","post_title":"Alexander's symptoms EN","post_excerpt":"","post_status":"publish","comment_status":"closed","ping_status":"closed","post_password":"","post_name":"alexanders-symptoms-en","to_ping":"","pinged":"","post_modified":"2023-09-05 16:49:50","post_modified_gmt":"2023-09-05 16:49:50","post_content_filtered":"","post_parent":0,"guid":"https:\/\/www.chirurgiedelahanche.com\/?post_type=testimonial&#038;p=3566","menu_order":0,"post_type":"testimonial","post_mime_type":"","comment_count":"0","filter":"raw"}]}]}],"container":"container","classes":[],"background_color":"","paddings":false,"top_margin":true},{"section_position":"center","section_style":"","section_title":"","section_description":"","section_appointment_button":false,"columns":[{"components":[{"acf_fc_layout":"buttons_block","acfe_flexible_toggle":"","title":"<h2>Learn more about other treatments<\/h2>\n","buttons":[{"button":{"title":"Consultation","url":"https:\/\/www.chirurgiedelahanche.com\/en\/consultation\/","target":""}},{"button":{"title":"3d Scanning","url":"\/en\/treatments\/custom-made-hip-prosthesis\/3d-scanner\/","target":""}},{"button":{"title":"Manufacture of the prosthesis","url":"https:\/\/www.chirurgiedelahanche.com\/en\/treatments\/custom-made-hip-prosthesis\/manufacture\/","target":""}},{"button":{"title":"Surgery","url":"https:\/\/www.chirurgiedelahanche.com\/en\/treatments\/custom-made-hip-prosthesis\/surgery\/","target":""}},{"button":{"title":"Postoperative Recovery","url":"https:\/\/www.chirurgiedelahanche.com\/en\/treatments\/custom-made-hip-prosthesis\/post-operative-follow-up-operation\/","target":""}},{"button":{"title":"Testimonials","url":"https:\/\/www.chirurgiedelahanche.com\/en\/treatments\/custom-made-hip-prosthesis\/testimonials\/","target":""}}]}]}],"container":"container","classes":["section--buttonsBlock"],"background_color":"","paddings":true,"top_margin":true}]},"_links":{"self":[{"href":"https:\/\/www.chirurgiedelahanche.com\/en\/wp-json\/wp\/v2\/pages\/3240","targetHints":{"allow":["GET"]}}],"collection":[{"href":"https:\/\/www.chirurgiedelahanche.com\/en\/wp-json\/wp\/v2\/pages"}],"about":[{"href":"https:\/\/www.chirurgiedelahanche.com\/en\/wp-json\/wp\/v2\/types\/page"}],"author":[{"embeddable":true,"href":"https:\/\/www.chirurgiedelahanche.com\/en\/wp-json\/wp\/v2\/users\/24"}],"replies":[{"embeddable":true,"href":"https:\/\/www.chirurgiedelahanche.com\/en\/wp-json\/wp\/v2\/comments?post=3240"}],"version-history":[{"count":0,"href":"https:\/\/www.chirurgiedelahanche.com\/en\/wp-json\/wp\/v2\/pages\/3240\/revisions"}],"up":[{"embeddable":true,"href":"https:\/\/www.chirurgiedelahanche.com\/en\/wp-json\/wp\/v2\/pages\/3237"}],"wp:attachment":[{"href":"https:\/\/www.chirurgiedelahanche.com\/en\/wp-json\/wp\/v2\/media?parent=3240"}],"curies":[{"name":"wp","href":"https:\/\/api.w.org\/{rel}","templated":true}]}}